{"id":2129,"date":"2024-11-16T11:25:43","date_gmt":"2024-11-16T11:25:43","guid":{"rendered":"http:\/\/roncarupano.com\/?page_id=2129"},"modified":"2024-11-18T12:52:31","modified_gmt":"2024-11-18T12:52:31","slug":"politicas-de-calidad-y-medio-ambiente","status":"publish","type":"page","link":"https:\/\/roncarupano.com\/es\/quality-and-environmental-policies\/","title":{"rendered":"Pol\u00edticas de calidad y medio ambiente"},"content":{"rendered":"<div data-elementor-type=\"wp-page\" data-elementor-id=\"2129\" class=\"elementor elementor-2129\" data-elementor-settings=\"{&quot;element_pack_global_tooltip_width&quot;:{&quot;unit&quot;:&quot;px&quot;,&quot;size&quot;:&quot;&quot;,&quot;sizes&quot;:[]},&quot;element_pack_global_tooltip_width_tablet&quot;:{&quot;unit&quot;:&quot;px&quot;,&quot;size&quot;:&quot;&quot;,&quot;sizes&quot;:[]},&quot;element_pack_global_tooltip_width_mobile&quot;:{&quot;unit&quot;:&quot;px&quot;,&quot;size&quot;:&quot;&quot;,&quot;sizes&quot;:[]},&quot;element_pack_global_tooltip_padding&quot;:{&quot;unit&quot;:&quot;px&quot;,&quot;top&quot;:&quot;&quot;,&quot;right&quot;:&quot;&quot;,&quot;bottom&quot;:&quot;&quot;,&quot;left&quot;:&quot;&quot;,&quot;isLinked&quot;:true},&quot;element_pack_global_tooltip_padding_tablet&quot;:{&quot;unit&quot;:&quot;px&quot;,&quot;top&quot;:&quot;&quot;,&quot;right&quot;:&quot;&quot;,&quot;bottom&quot;:&quot;&quot;,&quot;left&quot;:&quot;&quot;,&quot;isLinked&quot;:true},&quot;element_pack_global_tooltip_padding_mobile&quot;:{&quot;unit&quot;:&quot;px&quot;,&quot;top&quot;:&quot;&quot;,&quot;right&quot;:&quot;&quot;,&quot;bottom&quot;:&quot;&quot;,&quot;left&quot;:&quot;&quot;,&quot;isLinked&quot;:true},&quot;element_pack_global_tooltip_border_radius&quot;:{&quot;unit&quot;:&quot;px&quot;,&quot;top&quot;:&quot;&quot;,&quot;right&quot;:&quot;&quot;,&quot;bottom&quot;:&quot;&quot;,&quot;left&quot;:&quot;&quot;,&quot;isLinked&quot;:true},&quot;element_pack_global_tooltip_border_radius_tablet&quot;:{&quot;unit&quot;:&quot;px&quot;,&quot;top&quot;:&quot;&quot;,&quot;right&quot;:&quot;&quot;,&quot;bottom&quot;:&quot;&quot;,&quot;left&quot;:&quot;&quot;,&quot;isLinked&quot;:true},&quot;element_pack_global_tooltip_border_radius_mobile&quot;:{&quot;unit&quot;:&quot;px&quot;,&quot;top&quot;:&quot;&quot;,&quot;right&quot;:&quot;&quot;,&quot;bottom&quot;:&quot;&quot;,&quot;left&quot;:&quot;&quot;,&quot;isLinked&quot;:true}}\" data-elementor-post-type=\"page\">\n\t\t\t\t<div class=\"elementor-element elementor-element-2881612 e-con-full e-flex e-con e-parent\" data-id=\"2881612\" data-element_type=\"container\" data-e-type=\"container\">\n\t\t<div class=\"elementor-element elementor-element-3ff3483 e-flex e-con-boxed e-con e-child\" data-id=\"3ff3483\" data-element_type=\"container\" data-e-type=\"container\" data-settings=\"{&quot;background_background&quot;:&quot;classic&quot;}\">\n\t\t\t\t\t<div class=\"e-con-inner\">\n\t\t\t\t<div class=\"elementor-element elementor-element-cf99681 elementor-widget elementor-widget-heading\" data-id=\"cf99681\" data-element_type=\"widget\" data-e-type=\"widget\" data-widget_type=\"heading.default\">\n\t\t\t\t<div class=\"elementor-widget-container\">\n\t\t\t\t\t<h1 class=\"elementor-heading-title elementor-size-default\">Pol\u00edticas de calidad y medio ambiente<\/h1>\t\t\t\t<\/div>\n\t\t\t\t<\/div>\n\t\t\t\t\t<\/div>\n\t\t\t\t<\/div>\n\t\t\t\t<\/div>\n\t\t<div class=\"elementor-element elementor-element-3005ec2 e-flex e-con-boxed e-con e-parent\" data-id=\"3005ec2\" data-element_type=\"container\" data-e-type=\"container\">\n\t\t\t\t\t<div class=\"e-con-inner\">\n\t\t<div class=\"elementor-element elementor-element-95cc179 e-con-full e-flex e-con e-child\" data-id=\"95cc179\" data-element_type=\"container\" data-e-type=\"container\">\n\t\t\t\t<div class=\"elementor-element elementor-element-3975073 elementor-widget__width-initial elementor-widget-mobile__width-inherit elementor-invisible elementor-widget elementor-widget-image\" data-id=\"3975073\" data-element_type=\"widget\" data-e-type=\"widget\" data-settings=\"{&quot;_animation&quot;:&quot;fadeInRight&quot;,&quot;_animation_delay&quot;:&quot;440&quot;}\" data-widget_type=\"image.default\">\n\t\t\t\t<div class=\"elementor-widget-container\">\n\t\t\t\t\t\t\t\t\t\t\t\t\t\t\t<img decoding=\"async\" width=\"192\" height=\"192\" src=\"https:\/\/roncarupano.com\/wp-content\/uploads\/2024\/09\/Ron-carupano-favicon-gold.png\" class=\"attachment-full size-full wp-image-74\" alt=\"\" srcset=\"https:\/\/roncarupano.com\/wp-content\/uploads\/2024\/09\/Ron-carupano-favicon-gold.png 192w, https:\/\/roncarupano.com\/wp-content\/uploads\/2024\/09\/Ron-carupano-favicon-gold-150x150.png 150w\" sizes=\"(max-width: 192px) 100vw, 192px\" title=\"\">\t\t\t\t\t\t\t\t\t\t\t\t\t\t\t<\/div>\n\t\t\t\t<\/div>\n\t\t\t\t<div class=\"elementor-element elementor-element-4d4531c elementor-invisible elementor-widget elementor-widget-heading\" data-id=\"4d4531c\" data-element_type=\"widget\" data-e-type=\"widget\" data-settings=\"{&quot;_animation&quot;:&quot;fadeIn&quot;}\" data-widget_type=\"heading.default\">\n\t\t\t\t<div class=\"elementor-widget-container\">\n\t\t\t\t\t<h2 class=\"elementor-heading-title elementor-size-default\">Pol\u00edtica de Calidad de la Destiler\u00eda Ron Car\u00fapano<\/h2>\t\t\t\t<\/div>\n\t\t\t\t<\/div>\n\t\t\t\t<div class=\"elementor-element elementor-element-96650fc elementor-invisible elementor-widget elementor-widget-text-editor\" data-id=\"96650fc\" data-element_type=\"widget\" data-e-type=\"widget\" data-settings=\"{&quot;_animation&quot;:&quot;fadeInUp&quot;,&quot;_animation_delay&quot;:&quot;380&quot;}\" data-widget_type=\"text-editor.default\">\n\t\t\t\t<div class=\"elementor-widget-container\">\n\t\t\t\t\t\t\t\t\t<p>En Destiler\u00eda Carupano C.A., nos dedicamos al a\u00f1ejamiento de destilados, elaboraci\u00f3n, embotellado y comercializaci\u00f3n de bebidas alcoh\u00f3licas de marcas propias y de terceros, para satisfacer con excelentes est\u00e1ndares de calidad los requerimientos propios y de nuestros clientes, ejercemos esta responsabilidad con un recurso humano competente, una infraestructura y ambiente de trabajo adecuados.<\/p><p>Estamos comprometidos con la mejora continua del Sistema de Gesti\u00f3n de la Calidad a trav\u00e9s de revisiones peri\u00f3dicas realizadas por la organizaci\u00f3n y la implementaci\u00f3n de los ajustes de infraestructura pertinentes, as\u00ed como con el compromiso de cumplir con los procedimientos internos, los requisitos de la norma ISO 9001, los requisitos legales y reglamentarios que se aplican a nuestro negocio.<\/p>\t\t\t\t\t\t\t\t<\/div>\n\t\t\t\t<\/div>\n\t\t\t\t<\/div>\n\t\t<div class=\"elementor-element elementor-element-a6c76af e-con-full e-flex e-con e-child\" data-id=\"a6c76af\" data-element_type=\"container\" data-e-type=\"container\">\n\t\t\t\t<div class=\"elementor-element elementor-element-ffa2fb9 elementor-widget__width-auto elementor-widget-tablet__width-initial elementor-widget-mobile__width-initial elementor-invisible elementor-widget elementor-widget-image\" data-id=\"ffa2fb9\" data-element_type=\"widget\" data-e-type=\"widget\" data-settings=\"{&quot;_animation&quot;:&quot;fadeInRight&quot;,&quot;_animation_delay&quot;:&quot;500&quot;}\" data-widget_type=\"image.default\">\n\t\t\t\t<div class=\"elementor-widget-container\">\n\t\t\t\t\t\t\t\t\t\t\t\t\t\t\t<img fetchpriority=\"high\" decoding=\"async\" width=\"400\" height=\"600\" src=\"https:\/\/roncarupano.com\/wp-content\/uploads\/2024\/11\/260-Years-of-Rum-Mastery.png\" class=\"attachment-full size-full wp-image-1488\" alt=\"\" srcset=\"https:\/\/roncarupano.com\/wp-content\/uploads\/2024\/11\/260-Years-of-Rum-Mastery.png 400w, https:\/\/roncarupano.com\/wp-content\/uploads\/2024\/11\/260-Years-of-Rum-Mastery-200x300.png 200w\" sizes=\"(max-width: 400px) 100vw, 400px\" title=\"\">\t\t\t\t\t\t\t\t\t\t\t\t\t\t\t<\/div>\n\t\t\t\t<\/div>\n\t\t\t\t<div class=\"elementor-element elementor-element-c3bca73 elementor-widget__width-auto elementor-absolute e-transform animated-slow elementor-invisible elementor-widget elementor-widget-image\" data-id=\"c3bca73\" data-element_type=\"widget\" data-e-type=\"widget\" data-settings=\"{&quot;_position&quot;:&quot;absolute&quot;,&quot;_transform_rotateZ_effect&quot;:{&quot;unit&quot;:&quot;px&quot;,&quot;size&quot;:16,&quot;sizes&quot;:[]},&quot;_animation&quot;:&quot;zoomOutRight&quot;,&quot;_animation_delay&quot;:&quot;480&quot;,&quot;_transform_rotateZ_effect_tablet&quot;:{&quot;unit&quot;:&quot;deg&quot;,&quot;size&quot;:&quot;&quot;,&quot;sizes&quot;:[]},&quot;_transform_rotateZ_effect_mobile&quot;:{&quot;unit&quot;:&quot;deg&quot;,&quot;size&quot;:&quot;&quot;,&quot;sizes&quot;:[]}}\" data-widget_type=\"image.default\">\n\t\t\t\t<div class=\"elementor-widget-container\">\n\t\t\t\t\t\t\t\t\t\t\t\t\t\t\t<img decoding=\"async\" width=\"1500\" height=\"844\" src=\"https:\/\/roncarupano.com\/wp-content\/uploads\/2024\/11\/Ron-Carupano-Our-Story-37.png\" class=\"attachment-full size-full wp-image-1452\" alt=\"\" srcset=\"https:\/\/roncarupano.com\/wp-content\/uploads\/2024\/11\/Ron-Carupano-Our-Story-37.png 1500w, https:\/\/roncarupano.com\/wp-content\/uploads\/2024\/11\/Ron-Carupano-Our-Story-37-300x169.png 300w, https:\/\/roncarupano.com\/wp-content\/uploads\/2024\/11\/Ron-Carupano-Our-Story-37-1024x576.png 1024w, https:\/\/roncarupano.com\/wp-content\/uploads\/2024\/11\/Ron-Carupano-Our-Story-37-768x432.png 768w, https:\/\/roncarupano.com\/wp-content\/uploads\/2024\/11\/Ron-Carupano-Our-Story-37-650x366.png 650w\" sizes=\"(max-width: 1500px) 100vw, 1500px\" title=\"\">\t\t\t\t\t\t\t\t\t\t\t\t\t\t\t<\/div>\n\t\t\t\t<\/div>\n\t\t\t\t<\/div>\n\t\t\t\t\t<\/div>\n\t\t\t\t<\/div>\n\t\t<div class=\"elementor-element elementor-element-f65c2dc e-flex e-con-boxed e-con e-parent\" data-id=\"f65c2dc\" data-element_type=\"container\" data-e-type=\"container\" data-settings=\"{&quot;background_background&quot;:&quot;classic&quot;}\">\n\t\t\t\t\t<div class=\"e-con-inner\">\n\t\t\t\t<div class=\"elementor-element elementor-element-7e652c9 elementor-invisible elementor-widget elementor-widget-heading\" data-id=\"7e652c9\" data-element_type=\"widget\" data-e-type=\"widget\" data-settings=\"{&quot;_animation&quot;:&quot;fadeInUp&quot;}\" data-widget_type=\"heading.default\">\n\t\t\t\t<div class=\"elementor-widget-container\">\n\t\t\t\t\t<h2 class=\"elementor-heading-title elementor-size-default\">POL\u00cdTICAS DE CALIDAD<\/h2>\t\t\t\t<\/div>\n\t\t\t\t<\/div>\n\t\t\t\t<div class=\"elementor-element elementor-element-b44f6a7 elementor-widget__width-initial elementor-invisible elementor-widget elementor-widget-text-editor\" data-id=\"b44f6a7\" data-element_type=\"widget\" data-e-type=\"widget\" data-settings=\"{&quot;_animation&quot;:&quot;fadeInRight&quot;,&quot;_animation_delay&quot;:&quot;240&quot;}\" data-widget_type=\"text-editor.default\">\n\t\t\t\t<div class=\"elementor-widget-container\">\n\t\t\t\t\t\t\t\t\t<p>En Ron Car\u00fapano, C.A. nos dedicamos al a\u00f1ejamiento, producci\u00f3n, envasado y comercializaci\u00f3n de bebidas alcoh\u00f3licas de primera calidad para marcas propias y de terceros. Garantizamos excelentes est\u00e1ndares de calidad para satisfacer los requerimientos tanto internos como de nuestros clientes, apoyados en personal calificado, instalaciones adecuadas y el cumplimiento de las normas legales e internas. La mejora continua es fundamental en nuestras operaciones, impulsada por revisiones peri\u00f3dicas de nuestro Sistema de Gesti\u00f3n de Calidad.<\/p>\t\t\t\t\t\t\t\t<\/div>\n\t\t\t\t<\/div>\n\t\t\t\t\t<\/div>\n\t\t\t\t<\/div>\n\t\t<div class=\"elementor-element elementor-element-c2d4a71 e-flex e-con-boxed e-con e-parent\" data-id=\"c2d4a71\" data-element_type=\"container\" data-e-type=\"container\" data-settings=\"{&quot;background_background&quot;:&quot;classic&quot;}\">\n\t\t\t\t\t<div class=\"e-con-inner\">\n\t\t<div class=\"elementor-element elementor-element-0db0068 e-con-full e-flex e-con e-child\" data-id=\"0db0068\" data-element_type=\"container\" data-e-type=\"container\">\n\t\t\t\t<div class=\"elementor-element elementor-element-9daeeca elementor-widget__width-auto elementor-widget-tablet__width-initial elementor-widget-mobile__width-initial elementor-invisible elementor-widget elementor-widget-image\" data-id=\"9daeeca\" data-element_type=\"widget\" data-e-type=\"widget\" data-settings=\"{&quot;_animation&quot;:&quot;fadeInRight&quot;,&quot;_animation_delay&quot;:&quot;500&quot;}\" data-widget_type=\"image.default\">\n\t\t\t\t<div class=\"elementor-widget-container\">\n\t\t\t\t\t\t\t\t\t\t\t\t\t\t\t<img loading=\"lazy\" decoding=\"async\" width=\"675\" height=\"1200\" src=\"https:\/\/roncarupano.com\/wp-content\/uploads\/2024\/11\/Why-Ron-Carupano-image-1.png\" class=\"attachment-full size-full wp-image-1343\" alt=\"\" srcset=\"https:\/\/roncarupano.com\/wp-content\/uploads\/2024\/11\/Why-Ron-Carupano-image-1.png 675w, https:\/\/roncarupano.com\/wp-content\/uploads\/2024\/11\/Why-Ron-Carupano-image-1-169x300.png 169w, https:\/\/roncarupano.com\/wp-content\/uploads\/2024\/11\/Why-Ron-Carupano-image-1-576x1024.png 576w, https:\/\/roncarupano.com\/wp-content\/uploads\/2024\/11\/Why-Ron-Carupano-image-1-366x650.png 366w\" sizes=\"(max-width: 675px) 100vw, 675px\" title=\"\">\t\t\t\t\t\t\t\t\t\t\t\t\t\t\t<\/div>\n\t\t\t\t<\/div>\n\t\t\t\t<div class=\"elementor-element elementor-element-a4213e6 elementor-widget__width-auto elementor-absolute e-transform animated-slow elementor-invisible elementor-widget elementor-widget-image\" data-id=\"a4213e6\" data-element_type=\"widget\" data-e-type=\"widget\" data-settings=\"{&quot;_position&quot;:&quot;absolute&quot;,&quot;_transform_rotateZ_effect&quot;:{&quot;unit&quot;:&quot;px&quot;,&quot;size&quot;:-16,&quot;sizes&quot;:[]},&quot;_animation&quot;:&quot;zoomOutRight&quot;,&quot;_animation_delay&quot;:&quot;480&quot;,&quot;_transform_rotateZ_effect_tablet&quot;:{&quot;unit&quot;:&quot;deg&quot;,&quot;size&quot;:&quot;&quot;,&quot;sizes&quot;:[]},&quot;_transform_rotateZ_effect_mobile&quot;:{&quot;unit&quot;:&quot;deg&quot;,&quot;size&quot;:&quot;&quot;,&quot;sizes&quot;:[]}}\" data-widget_type=\"image.default\">\n\t\t\t\t<div class=\"elementor-widget-container\">\n\t\t\t\t\t\t\t\t\t\t\t\t\t\t\t<img loading=\"lazy\" decoding=\"async\" width=\"1200\" height=\"675\" src=\"https:\/\/roncarupano.com\/wp-content\/uploads\/2024\/11\/Why-Ron-Carupano-image-3.jpeg\" class=\"attachment-full size-full wp-image-1345\" alt=\"\" srcset=\"https:\/\/roncarupano.com\/wp-content\/uploads\/2024\/11\/Why-Ron-Carupano-image-3.jpeg 1200w, https:\/\/roncarupano.com\/wp-content\/uploads\/2024\/11\/Why-Ron-Carupano-image-3-300x169.jpeg 300w, https:\/\/roncarupano.com\/wp-content\/uploads\/2024\/11\/Why-Ron-Carupano-image-3-1024x576.jpeg 1024w, https:\/\/roncarupano.com\/wp-content\/uploads\/2024\/11\/Why-Ron-Carupano-image-3-768x432.jpeg 768w, https:\/\/roncarupano.com\/wp-content\/uploads\/2024\/11\/Why-Ron-Carupano-image-3-650x366.jpeg 650w\" sizes=\"(max-width: 1200px) 100vw, 1200px\" title=\"\">\t\t\t\t\t\t\t\t\t\t\t\t\t\t\t<\/div>\n\t\t\t\t<\/div>\n\t\t\t\t<\/div>\n\t\t<div class=\"elementor-element elementor-element-df4117c e-con-full e-flex e-con e-child\" data-id=\"df4117c\" data-element_type=\"container\" data-e-type=\"container\">\n\t\t\t\t<div class=\"elementor-element elementor-element-93fefbd elementor-widget__width-initial elementor-widget-mobile__width-inherit elementor-invisible elementor-widget elementor-widget-image\" data-id=\"93fefbd\" data-element_type=\"widget\" data-e-type=\"widget\" data-settings=\"{&quot;_animation&quot;:&quot;fadeInRight&quot;,&quot;_animation_delay&quot;:&quot;440&quot;}\" data-widget_type=\"image.default\">\n\t\t\t\t<div class=\"elementor-widget-container\">\n\t\t\t\t\t\t\t\t\t\t\t\t\t\t\t<img decoding=\"async\" width=\"192\" height=\"192\" src=\"https:\/\/roncarupano.com\/wp-content\/uploads\/2024\/09\/Ron-carupano-favicon-gold.png\" class=\"attachment-full size-full wp-image-74\" alt=\"\" srcset=\"https:\/\/roncarupano.com\/wp-content\/uploads\/2024\/09\/Ron-carupano-favicon-gold.png 192w, https:\/\/roncarupano.com\/wp-content\/uploads\/2024\/09\/Ron-carupano-favicon-gold-150x150.png 150w\" sizes=\"(max-width: 192px) 100vw, 192px\" title=\"\">\t\t\t\t\t\t\t\t\t\t\t\t\t\t\t<\/div>\n\t\t\t\t<\/div>\n\t\t\t\t<div class=\"elementor-element elementor-element-3be33ae elementor-invisible elementor-widget elementor-widget-heading\" data-id=\"3be33ae\" data-element_type=\"widget\" data-e-type=\"widget\" data-settings=\"{&quot;_animation&quot;:&quot;fadeIn&quot;}\" data-widget_type=\"heading.default\">\n\t\t\t\t<div class=\"elementor-widget-container\">\n\t\t\t\t\t<h2 class=\"elementor-heading-title elementor-size-default\">Pol\u00edticas medioambientales<\/h2>\t\t\t\t<\/div>\n\t\t\t\t<\/div>\n\t\t\t\t<div class=\"elementor-element elementor-element-d2e3e2f elementor-invisible elementor-widget elementor-widget-text-editor\" data-id=\"d2e3e2f\" data-element_type=\"widget\" data-e-type=\"widget\" data-settings=\"{&quot;_animation&quot;:&quot;fadeInUp&quot;,&quot;_animation_delay&quot;:&quot;380&quot;}\" data-widget_type=\"text-editor.default\">\n\t\t\t\t<div class=\"elementor-widget-container\">\n\t\t\t\t\t\t\t\t\t<p>En Destiler\u00eda Car\u00fapano C.A., nos dedicamos al a\u00f1ejamiento de destilados, procesamiento, embotellado y comercializaci\u00f3n de bebidas alcoh\u00f3licas, nuestro compromiso es por la protecci\u00f3n del medio ambiente y la prevenci\u00f3n de la contaminaci\u00f3n, lo cual lograremos mediante el estricto cumplimiento de los requisitos legales y las pol\u00edticas internas establecidas en nuestro Sistema de Gesti\u00f3n Ambiental, para ello contamos con un ambiente de trabajo adecuado y un recurso humano comprometido y competente, enfocado en ejecutar las acciones necesarias para alcanzar los objetivos y metas ambientales establecidas para mitigar el impacto ambiental de nuestra organizaci\u00f3n.<\/p><p>Tambi\u00e9n estamos comprometidos con la mejora continua del Sistema de Gesti\u00f3n Medioambiental a trav\u00e9s de revisiones peri\u00f3dicas realizadas por la organizaci\u00f3n en el marco de la evaluaci\u00f3n de nuestro comportamiento medioambiental y la puesta en marcha de las acciones pertinentes para transformar nuestro modelo de negocio hacia uno m\u00e1s responsable con el medio ambiente.<\/p>\t\t\t\t\t\t\t\t<\/div>\n\t\t\t\t<\/div>\n\t\t<div class=\"elementor-element elementor-element-55c8b7c e-con-full e-flex e-con e-child\" data-id=\"55c8b7c\" data-element_type=\"container\" data-e-type=\"container\">\n\t\t\t\t<div class=\"elementor-element elementor-element-e884a64 elementor-widget elementor-widget-image\" data-id=\"e884a64\" data-element_type=\"widget\" data-e-type=\"widget\" data-widget_type=\"image.default\">\n\t\t\t\t<div class=\"elementor-widget-container\">\n\t\t\t\t\t\t\t\t\t\t\t\t\t\t\t<img loading=\"lazy\" decoding=\"async\" width=\"748\" height=\"104\" src=\"https:\/\/roncarupano.com\/wp-content\/uploads\/2024\/11\/Signature-Ron-carupano.png\" class=\"attachment-large size-large wp-image-2149\" alt=\"\" srcset=\"https:\/\/roncarupano.com\/wp-content\/uploads\/2024\/11\/Signature-Ron-carupano.png 748w, https:\/\/roncarupano.com\/wp-content\/uploads\/2024\/11\/Signature-Ron-carupano-300x42.png 300w, https:\/\/roncarupano.com\/wp-content\/uploads\/2024\/11\/Signature-Ron-carupano-650x90.png 650w\" sizes=\"(max-width: 748px) 100vw, 748px\" title=\"\">\t\t\t\t\t\t\t\t\t\t\t\t\t\t\t<\/div>\n\t\t\t\t<\/div>\n\t\t\t\t<div class=\"elementor-element elementor-element-b692640 elementor-widget elementor-widget-heading\" data-id=\"b692640\" data-element_type=\"widget\" data-e-type=\"widget\" data-widget_type=\"heading.default\">\n\t\t\t\t<div class=\"elementor-widget-container\">\n\t\t\t\t\t<h5 class=\"elementor-heading-title elementor-size-default\"><b>Guillermo C\u00e1rdenas<\/b><br>\nPresidente<br>\nG-GA-002 Rev. 4 SEP.24<\/h5>\t\t\t\t<\/div>\n\t\t\t\t<\/div>\n\t\t\t\t<\/div>\n\t\t\t\t<\/div>\n\t\t\t\t\t<\/div>\n\t\t\t\t<\/div>\n\t\t\t\t<\/div>","protected":false},"excerpt":{"rendered":"<p>Ron Car\u00fapano Distillery Quality Policy In Destiler\u00eda Carupano C.A., we are dedicated to the ageing of distillates, elaboration, bottling and commercialisation of [&hellip;]<\/p>\n","protected":false},"author":1,"featured_media":1447,"parent":0,"menu_order":0,"comment_status":"closed","ping_status":"closed","template":"","meta":{"footnotes":""},"class_list":["post-2129","page","type-page","status-publish","has-post-thumbnail","hentry"],"_links":{"self":[{"href":"https:\/\/roncarupano.com\/es\/wp-json\/wp\/v2\/pages\/2129","targetHints":{"allow":["GET"]}}],"collection":[{"href":"https:\/\/roncarupano.com\/es\/wp-json\/wp\/v2\/pages"}],"about":[{"href":"https:\/\/roncarupano.com\/es\/wp-json\/wp\/v2\/types\/page"}],"author":[{"embeddable":true,"href":"https:\/\/roncarupano.com\/es\/wp-json\/wp\/v2\/users\/1"}],"replies":[{"embeddable":true,"href":"https:\/\/roncarupano.com\/es\/wp-json\/wp\/v2\/comments?post=2129"}],"version-history":[{"count":22,"href":"https:\/\/roncarupano.com\/es\/wp-json\/wp\/v2\/pages\/2129\/revisions"}],"predecessor-version":[{"id":2179,"href":"https:\/\/roncarupano.com\/es\/wp-json\/wp\/v2\/pages\/2129\/revisions\/2179"}],"wp:featuredmedia":[{"embeddable":true,"href":"https:\/\/roncarupano.com\/es\/wp-json\/wp\/v2\/media\/1447"}],"wp:attachment":[{"href":"https:\/\/roncarupano.com\/es\/wp-json\/wp\/v2\/media?parent=2129"}],"curies":[{"name":"wp","href":"https:\/\/api.w.org\/{rel}","templated":true}]}}